{"id":3406,"date":"2021-05-05T09:02:35","date_gmt":"2021-05-05T14:02:35","guid":{"rendered":"https:\/\/www.lvmedspa.ca\/product\/neck-decollete-firming-cream\/"},"modified":"2026-04-09T23:02:26","modified_gmt":"2026-04-10T04:02:26","slug":"neck-decollete-firming-cream","status":"publish","type":"product","link":"https:\/\/www.lvmedspa.ca\/zh-cn\/product\/neck-decollete-firming-cream\/","title":{"rendered":"Neck &#038; D\u00e9collet\u00e9 Firming Cream"},"content":{"rendered":"<p>Neck &#038; D\u00e9collet\u00e9 Firming Cream is a smooth firming cream that helps to prevent and improve the appearance of fine lines and wrinkles, restoring a more youthful appearance. Modified levels of encapsulated retinol firm, strengthen the skin and improve elasticity, while licorice evens out skin tone. Gentle flower acids exfoliate dead cells and promote skin renewal.<\/p>\n<p>KEY INGREDIENTS<br \/>\nHydroxyphenoxy Propionic Acid: A skin brightener that reduces the appearance of hyperpigmentation. This ingredient has shown lightening effects similar to hydroquinone.<\/p>\n<p>Licorice Root Extract: Licorice is an antioxidant that brightens the skin and lightens the appearance of hyperpigmentation.<\/p>\n<p>Microencapsulated Retinol (0.25%): A vitamin A derivative and antioxidant that reduces the appearance of fine lines and wrinkles and improves texture and tone by strengthening skin, improving elasticity and increasing skin turnover. Retinol also targets blemish-prone skin by unclogging pores and enhances skin tone by reducing the appearance of hyperpigmentation. Encapsulated retinol allows for a slow release into the skin overnight, which minimizes side effects so you can enjoy all the benefits of retinol with little to no irritation!<\/p>\n<p>Flower Acids: Obtained from tropical flowers, these acids have similar properties to alpha-hydroxy acids without the irritation.<\/p>\n<p>DIRECTIONS<br \/>\nApply a small amount after cleansing and applying treatment products in the evening. Gently massage into neck and d\u00e9collet\u00e9 in an upward motion.<\/p>\n","protected":false},"excerpt":{"rendered":"<p>An advanced, luxuriously smooth firming cream for the neck and d\u00e9collet\u00e9 that reduces the visible signs of aging.<\/p>\n<p>90mL \/3 fl oz e<\/p>\n","protected":false},"featured_media":3509,"comment_status":"closed","ping_status":"closed","template":"","meta":[],"product_brand":[],"product_cat":[208],"product_tag":[209,188],"class_list":{"0":"post-3406","1":"product","2":"type-product","3":"status-publish","4":"has-post-thumbnail","6":"product_cat-anti-aging","7":"product_tag-alumiermd","8":"product_tag-anti-aging","10":"first","11":"instock","12":"taxable","13":"shipping-taxable","14":"product-type-simple"},"yoast_head":"<!-- This site is optimized with the Yoast SEO plugin v25.0 - https:\/\/yoast.com\/wordpress\/plugins\/seo\/ -->\n<title>Neck &amp; D\u00e9collet\u00e9 Firming Cream | La Vitalit\u00e9 Med Spa<\/title>\n<meta name=\"robots\" content=\"index, follow, max-snippet:-1, max-image-preview:large, max-video-preview:-1\" \/>\n<link rel=\"canonical\" href=\"https:\/\/www.lvmedspa.ca\/zh-cn\/product\/neck-decollete-firming-cream\/\" \/>\n<meta property=\"og:locale\" content=\"zh_CN\" \/>\n<meta property=\"og:type\" content=\"article\" \/>\n<meta property=\"og:title\" content=\"Neck &amp; D\u00e9collet\u00e9 Firming Cream | La Vitalit\u00e9 Med Spa\" \/>\n<meta property=\"og:description\" content=\"An advanced, luxuriously smooth firming cream for the neck and d\u00e9collet\u00e9 that reduces the visible signs of aging.  90mL \/3 fl oz e\" \/>\n<meta property=\"og:url\" content=\"https:\/\/www.lvmedspa.ca\/zh-cn\/product\/neck-decollete-firming-cream\/\" \/>\n<meta property=\"og:site_name\" content=\"La Vitalit\u00e9 Med Spa\" \/>\n<meta property=\"article:publisher\" content=\"https:\/\/www.facebook.com\/lvmedspa\" \/>\n<meta property=\"article:modified_time\" content=\"2026-04-10T04:02:26+00:00\" \/>\n<meta property=\"og:image\" content=\"https:\/\/www.lvmedspa.ca\/wp-content\/uploads\/2021\/05\/Neck__Decollete_Firming_Cream.jpg\" \/>\n\t<meta property=\"og:image:width\" content=\"1167\" \/>\n\t<meta property=\"og:image:height\" content=\"1750\" \/>\n\t<meta property=\"og:image:type\" content=\"image\/jpeg\" \/>\n<meta name=\"twitter:label1\" content=\"\u9884\u8ba1\u9605\u8bfb\u65f6\u95f4\" \/>\n\t<meta name=\"twitter:data1\" content=\"1 \u5206\" \/>\n<script type=\"application\/ld+json\" class=\"yoast-schema-graph\">{\"@context\":\"https:\/\/schema.org\",\"@graph\":[{\"@type\":\"WebPage\",\"@id\":\"https:\/\/www.lvmedspa.ca\/zh-cn\/product\/neck-decollete-firming-cream\/\",\"url\":\"https:\/\/www.lvmedspa.ca\/zh-cn\/product\/neck-decollete-firming-cream\/\",\"name\":\"Neck & D\u00e9collet\u00e9 Firming Cream | La Vitalit\u00e9 Med Spa\",\"isPartOf\":{\"@id\":\"https:\/\/www.lvmedspa.ca\/zh-cn\/#website\"},\"primaryImageOfPage\":{\"@id\":\"https:\/\/www.lvmedspa.ca\/zh-cn\/product\/neck-decollete-firming-cream\/#primaryimage\"},\"image\":{\"@id\":\"https:\/\/www.lvmedspa.ca\/zh-cn\/product\/neck-decollete-firming-cream\/#primaryimage\"},\"thumbnailUrl\":\"https:\/\/www.lvmedspa.ca\/wp-content\/uploads\/2021\/05\/Neck__Decollete_Firming_Cream.jpg\",\"datePublished\":\"2021-05-05T14:02:35+00:00\",\"dateModified\":\"2026-04-10T04:02:26+00:00\",\"breadcrumb\":{\"@id\":\"https:\/\/www.lvmedspa.ca\/zh-cn\/product\/neck-decollete-firming-cream\/#breadcrumb\"},\"inLanguage\":\"zh-Hans\",\"potentialAction\":[{\"@type\":\"ReadAction\",\"target\":[\"https:\/\/www.lvmedspa.ca\/zh-cn\/product\/neck-decollete-firming-cream\/\"]}]},{\"@type\":\"ImageObject\",\"inLanguage\":\"zh-Hans\",\"@id\":\"https:\/\/www.lvmedspa.ca\/zh-cn\/product\/neck-decollete-firming-cream\/#primaryimage\",\"url\":\"https:\/\/www.lvmedspa.ca\/wp-content\/uploads\/2021\/05\/Neck__Decollete_Firming_Cream.jpg\",\"contentUrl\":\"https:\/\/www.lvmedspa.ca\/wp-content\/uploads\/2021\/05\/Neck__Decollete_Firming_Cream.jpg\",\"width\":1167,\"height\":1750},{\"@type\":\"BreadcrumbList\",\"@id\":\"https:\/\/www.lvmedspa.ca\/zh-cn\/product\/neck-decollete-firming-cream\/#breadcrumb\",\"itemListElement\":[{\"@type\":\"ListItem\",\"position\":1,\"name\":\"Home\",\"item\":\"https:\/\/www.lvmedspa.ca\/zh-cn\/\"},{\"@type\":\"ListItem\",\"position\":2,\"name\":\"\u5546\u5e97\",\"item\":\"https:\/\/www.lvmedspa.ca\/zh-cn\/%e5%95%86%e5%ba%97\/\"},{\"@type\":\"ListItem\",\"position\":3,\"name\":\"Neck &#038; D\u00e9collet\u00e9 Firming Cream\"}]},{\"@type\":\"WebSite\",\"@id\":\"https:\/\/www.lvmedspa.ca\/zh-cn\/#website\",\"url\":\"https:\/\/www.lvmedspa.ca\/zh-cn\/\",\"name\":\"La Vitalit\u00e9 Med Spa\",\"description\":\"Toronto Skincare &amp; Cosmetic Clinic\",\"publisher\":{\"@id\":\"https:\/\/www.lvmedspa.ca\/zh-cn\/#organization\"},\"potentialAction\":[{\"@type\":\"SearchAction\",\"target\":{\"@type\":\"EntryPoint\",\"urlTemplate\":\"https:\/\/www.lvmedspa.ca\/zh-cn\/?s={search_term_string}\"},\"query-input\":{\"@type\":\"PropertyValueSpecification\",\"valueRequired\":true,\"valueName\":\"search_term_string\"}}],\"inLanguage\":\"zh-Hans\"},{\"@type\":\"Organization\",\"@id\":\"https:\/\/www.lvmedspa.ca\/zh-cn\/#organization\",\"name\":\"La Vitalit\u00e9 Med Spa\",\"url\":\"https:\/\/www.lvmedspa.ca\/zh-cn\/\",\"logo\":{\"@type\":\"ImageObject\",\"inLanguage\":\"zh-Hans\",\"@id\":\"https:\/\/www.lvmedspa.ca\/zh-cn\/#\/schema\/logo\/image\/\",\"url\":\"https:\/\/www.lvmedspa.ca\/wp-content\/uploads\/2021\/01\/La-Vitalite-Logo.png\",\"contentUrl\":\"https:\/\/www.lvmedspa.ca\/wp-content\/uploads\/2021\/01\/La-Vitalite-Logo.png\",\"width\":660,\"height\":220,\"caption\":\"La Vitalit\u00e9 Med Spa\"},\"image\":{\"@id\":\"https:\/\/www.lvmedspa.ca\/zh-cn\/#\/schema\/logo\/image\/\"},\"sameAs\":[\"https:\/\/www.facebook.com\/lvmedspa\",\"https:\/\/www.instagram.com\/lvmedspa\"]}]}<\/script>\n<!-- \/ Yoast SEO plugin. -->","yoast_head_json":{"title":"Neck & D\u00e9collet\u00e9 Firming Cream | La Vitalit\u00e9 Med Spa","robots":{"index":"index","follow":"follow","max-snippet":"max-snippet:-1","max-image-preview":"max-image-preview:large","max-video-preview":"max-video-preview:-1"},"canonical":"https:\/\/www.lvmedspa.ca\/zh-cn\/product\/neck-decollete-firming-cream\/","og_locale":"zh_CN","og_type":"article","og_title":"Neck & D\u00e9collet\u00e9 Firming Cream | La Vitalit\u00e9 Med Spa","og_description":"An advanced, luxuriously smooth firming cream for the neck and d\u00e9collet\u00e9 that reduces the visible signs of aging.  90mL \/3 fl oz e","og_url":"https:\/\/www.lvmedspa.ca\/zh-cn\/product\/neck-decollete-firming-cream\/","og_site_name":"La Vitalit\u00e9 Med Spa","article_publisher":"https:\/\/www.facebook.com\/lvmedspa","article_modified_time":"2026-04-10T04:02:26+00:00","og_image":[{"width":1167,"height":1750,"url":"https:\/\/www.lvmedspa.ca\/wp-content\/uploads\/2021\/05\/Neck__Decollete_Firming_Cream.jpg","type":"image\/jpeg"}],"twitter_misc":{"\u9884\u8ba1\u9605\u8bfb\u65f6\u95f4":"1 \u5206"},"schema":{"@context":"https:\/\/schema.org","@graph":[{"@type":"WebPage","@id":"https:\/\/www.lvmedspa.ca\/zh-cn\/product\/neck-decollete-firming-cream\/","url":"https:\/\/www.lvmedspa.ca\/zh-cn\/product\/neck-decollete-firming-cream\/","name":"Neck & D\u00e9collet\u00e9 Firming Cream | La Vitalit\u00e9 Med Spa","isPartOf":{"@id":"https:\/\/www.lvmedspa.ca\/zh-cn\/#website"},"primaryImageOfPage":{"@id":"https:\/\/www.lvmedspa.ca\/zh-cn\/product\/neck-decollete-firming-cream\/#primaryimage"},"image":{"@id":"https:\/\/www.lvmedspa.ca\/zh-cn\/product\/neck-decollete-firming-cream\/#primaryimage"},"thumbnailUrl":"https:\/\/www.lvmedspa.ca\/wp-content\/uploads\/2021\/05\/Neck__Decollete_Firming_Cream.jpg","datePublished":"2021-05-05T14:02:35+00:00","dateModified":"2026-04-10T04:02:26+00:00","breadcrumb":{"@id":"https:\/\/www.lvmedspa.ca\/zh-cn\/product\/neck-decollete-firming-cream\/#breadcrumb"},"inLanguage":"zh-Hans","potentialAction":[{"@type":"ReadAction","target":["https:\/\/www.lvmedspa.ca\/zh-cn\/product\/neck-decollete-firming-cream\/"]}]},{"@type":"ImageObject","inLanguage":"zh-Hans","@id":"https:\/\/www.lvmedspa.ca\/zh-cn\/product\/neck-decollete-firming-cream\/#primaryimage","url":"https:\/\/www.lvmedspa.ca\/wp-content\/uploads\/2021\/05\/Neck__Decollete_Firming_Cream.jpg","contentUrl":"https:\/\/www.lvmedspa.ca\/wp-content\/uploads\/2021\/05\/Neck__Decollete_Firming_Cream.jpg","width":1167,"height":1750},{"@type":"BreadcrumbList","@id":"https:\/\/www.lvmedspa.ca\/zh-cn\/product\/neck-decollete-firming-cream\/#breadcrumb","itemListElement":[{"@type":"ListItem","position":1,"name":"Home","item":"https:\/\/www.lvmedspa.ca\/zh-cn\/"},{"@type":"ListItem","position":2,"name":"\u5546\u5e97","item":"https:\/\/www.lvmedspa.ca\/zh-cn\/%e5%95%86%e5%ba%97\/"},{"@type":"ListItem","position":3,"name":"Neck &#038; D\u00e9collet\u00e9 Firming Cream"}]},{"@type":"WebSite","@id":"https:\/\/www.lvmedspa.ca\/zh-cn\/#website","url":"https:\/\/www.lvmedspa.ca\/zh-cn\/","name":"La Vitalit\u00e9 Med Spa","description":"Toronto Skincare &amp; Cosmetic Clinic","publisher":{"@id":"https:\/\/www.lvmedspa.ca\/zh-cn\/#organization"},"potentialAction":[{"@type":"SearchAction","target":{"@type":"EntryPoint","urlTemplate":"https:\/\/www.lvmedspa.ca\/zh-cn\/?s={search_term_string}"},"query-input":{"@type":"PropertyValueSpecification","valueRequired":true,"valueName":"search_term_string"}}],"inLanguage":"zh-Hans"},{"@type":"Organization","@id":"https:\/\/www.lvmedspa.ca\/zh-cn\/#organization","name":"La Vitalit\u00e9 Med Spa","url":"https:\/\/www.lvmedspa.ca\/zh-cn\/","logo":{"@type":"ImageObject","inLanguage":"zh-Hans","@id":"https:\/\/www.lvmedspa.ca\/zh-cn\/#\/schema\/logo\/image\/","url":"https:\/\/www.lvmedspa.ca\/wp-content\/uploads\/2021\/01\/La-Vitalite-Logo.png","contentUrl":"https:\/\/www.lvmedspa.ca\/wp-content\/uploads\/2021\/01\/La-Vitalite-Logo.png","width":660,"height":220,"caption":"La Vitalit\u00e9 Med Spa"},"image":{"@id":"https:\/\/www.lvmedspa.ca\/zh-cn\/#\/schema\/logo\/image\/"},"sameAs":["https:\/\/www.facebook.com\/lvmedspa","https:\/\/www.instagram.com\/lvmedspa"]}]}},"_links":{"self":[{"href":"https:\/\/www.lvmedspa.ca\/zh-cn\/wp-json\/wp\/v2\/product\/3406","targetHints":{"allow":["GET"]}}],"collection":[{"href":"https:\/\/www.lvmedspa.ca\/zh-cn\/wp-json\/wp\/v2\/product"}],"about":[{"href":"https:\/\/www.lvmedspa.ca\/zh-cn\/wp-json\/wp\/v2\/types\/product"}],"replies":[{"embeddable":true,"href":"https:\/\/www.lvmedspa.ca\/zh-cn\/wp-json\/wp\/v2\/comments?post=3406"}],"wp:featuredmedia":[{"embeddable":true,"href":"https:\/\/www.lvmedspa.ca\/zh-cn\/wp-json\/wp\/v2\/media\/3509"}],"wp:attachment":[{"href":"https:\/\/www.lvmedspa.ca\/zh-cn\/wp-json\/wp\/v2\/media?parent=3406"}],"wp:term":[{"taxonomy":"product_brand","embeddable":true,"href":"https:\/\/www.lvmedspa.ca\/zh-cn\/wp-json\/wp\/v2\/product_brand?post=3406"},{"taxonomy":"product_cat","embeddable":true,"href":"https:\/\/www.lvmedspa.ca\/zh-cn\/wp-json\/wp\/v2\/product_cat?post=3406"},{"taxonomy":"product_tag","embeddable":true,"href":"https:\/\/www.lvmedspa.ca\/zh-cn\/wp-json\/wp\/v2\/product_tag?post=3406"}],"curies":[{"name":"wp","href":"https:\/\/api.w.org\/{rel}","templated":true}]}}